{"id":1626,"date":"2017-05-13T12:47:44","date_gmt":"2017-05-13T10:47:44","guid":{"rendered":"https:\/\/pre.niku.no\/bergen\/"},"modified":"2023-01-18T13:39:39","modified_gmt":"2023-01-18T12:39:39","slug":"bergen","status":"publish","type":"page","link":"https:\/\/www.niku.no\/en\/bergen\/","title":{"rendered":"Bergen"},"content":{"rendered":"<div id=\"fancybox-content\">\n<div id=\"ei2\" class=\"officeArticle\">\n<div class=\"editorelement\">\n<p>NIKU&#8217;s office in Bergen is responsible for archaeological projects in the medieval city. We also take on other assignments in the field of cultural heritage, whether it concerns surveillance, registration, documentation and surveying or planning.<\/p>\n<p>The office, together with The Directorate for Cultural Heritage\u00a0\u2018s \u00a0District Office, is located at the Bryggen Museum on Hansabryggen on the western side of V\u00e5gen.<\/p>\n<p>NIKU district office Bergen<br \/>\nDreggsallmenning 3<br \/>\nPO Box 4112 Sandviken<br \/>\n5835 BERGEN<br \/>\nNORWAY<br \/>\nPhone +47 932 04 665\/+47 908 42\u00a0471<\/p>\n<p>&nbsp;<\/p>\n<\/div>\n<\/div>\n<\/div>\n","protected":false},"excerpt":{"rendered":"<p>NIKU&#8217;s office in Bergen is responsible for archaeological projects in the medieval city. We also take on other assignments in the field of cultural heritage, whether it concerns surveillance, registration, documentation and surveying or planning. The office, together with The Directorate for Cultural Heritage\u00a0\u2018s \u00a0District Office, is located at the Bryggen Museum on Hansabryggen on&#8230;  <a class=\"excerpt-read-more\" href=\"https:\/\/www.niku.no\/en\/bergen\/\" title=\"Read Bergen\">Read more &raquo;<\/a><\/p>\n","protected":false},"author":9,"featured_media":0,"parent":0,"menu_order":0,"comment_status":"closed","ping_status":"closed","template":"page-subservice.php","meta":{"_acf_changed":false,"footnotes":""},"class_list":["post-1626","page","type-page","status-publish","hentry"],"acf":[],"yoast_head":"<!-- This site is optimized with the Yoast SEO Premium plugin v26.7 (Yoast SEO v27.4) - https:\/\/yoast.com\/product\/yoast-seo-premium-wordpress\/ -->\n<title>Bergen &#8212; Norsk institutt for kulturminneforskning<\/title>\n<meta name=\"description\" content=\"NIKUs kontor i Bergen har ansvaret for arkeologiske prosjekter i middelalderbyen. Vi tar ogs\u00e5 p\u00e5 oss andre oppdrag som overv\u00e5kning og oppm\u00e5ling.\" \/>\n<meta name=\"robots\" content=\"index, follow, max-snippet:-1, max-image-preview:large, max-video-preview:-1\" \/>\n<link rel=\"canonical\" href=\"https:\/\/www.niku.no\/en\/bergen\/\" \/>\n<meta property=\"og:locale\" content=\"en_US\" \/>\n<meta property=\"og:type\" content=\"article\" \/>\n<meta property=\"og:title\" content=\"Bergen\" \/>\n<meta property=\"og:description\" content=\"NIKUs kontor i Bergen har ansvaret for arkeologiske prosjekter i middelalderbyen. Vi tar ogs\u00e5 p\u00e5 oss andre oppdrag som overv\u00e5kning og oppm\u00e5ling.\" \/>\n<meta property=\"og:url\" content=\"https:\/\/www.niku.no\/en\/bergen\/\" \/>\n<meta property=\"og:site_name\" content=\"Norsk institutt for kulturminneforskning\" \/>\n<meta property=\"article:publisher\" content=\"https:\/\/www.facebook.com\/NIKUnorway\/\" \/>\n<meta property=\"article:modified_time\" content=\"2023-01-18T12:39:39+00:00\" \/>\n<meta property=\"og:image\" content=\"https:\/\/www.niku.no\/wp-content\/uploads\/2020\/04\/Banner_verdensarv_Bryggen.jpg\" \/>\n\t<meta property=\"og:image:width\" content=\"1500\" \/>\n\t<meta property=\"og:image:height\" content=\"470\" \/>\n\t<meta property=\"og:image:type\" content=\"image\/jpeg\" \/>\n<meta name=\"twitter:card\" content=\"summary_large_image\" \/>\n<meta name=\"twitter:site\" content=\"@nikunorway\" \/>\n<meta name=\"twitter:label1\" content=\"Est. reading time\" \/>\n\t<meta name=\"twitter:data1\" content=\"1 minute\" \/>\n<script type=\"application\/ld+json\" class=\"yoast-schema-graph\">{\"@context\":\"https:\\\/\\\/schema.org\",\"@graph\":[{\"@type\":\"WebPage\",\"@id\":\"https:\\\/\\\/www.niku.no\\\/en\\\/bergen\\\/\",\"url\":\"https:\\\/\\\/www.niku.no\\\/en\\\/bergen\\\/\",\"name\":\"Bergen &#8212; Norsk institutt for kulturminneforskning\",\"isPartOf\":{\"@id\":\"https:\\\/\\\/www.niku.no\\\/#website\"},\"datePublished\":\"2017-05-13T10:47:44+00:00\",\"dateModified\":\"2023-01-18T12:39:39+00:00\",\"description\":\"NIKUs kontor i Bergen har ansvaret for arkeologiske prosjekter i middelalderbyen. Vi tar ogs\u00e5 p\u00e5 oss andre oppdrag som overv\u00e5kning og oppm\u00e5ling.\",\"breadcrumb\":{\"@id\":\"https:\\\/\\\/www.niku.no\\\/en\\\/bergen\\\/#breadcrumb\"},\"inLanguage\":\"en-US\",\"potentialAction\":[{\"@type\":\"ReadAction\",\"target\":[\"https:\\\/\\\/www.niku.no\\\/en\\\/bergen\\\/\"]}]},{\"@type\":\"BreadcrumbList\",\"@id\":\"https:\\\/\\\/www.niku.no\\\/en\\\/bergen\\\/#breadcrumb\",\"itemListElement\":[{\"@type\":\"ListItem\",\"position\":1,\"name\":\"Hjem\",\"item\":\"https:\\\/\\\/www.niku.no\\\/en\\\/\"},{\"@type\":\"ListItem\",\"position\":2,\"name\":\"Bergen\"}]},{\"@type\":\"WebSite\",\"@id\":\"https:\\\/\\\/www.niku.no\\\/#website\",\"url\":\"https:\\\/\\\/www.niku.no\\\/\",\"name\":\"Norsk institutt for kulturminneforskning\",\"description\":\"Norsk institutt for kulturminneforskning\",\"publisher\":{\"@id\":\"https:\\\/\\\/www.niku.no\\\/#organization\"},\"potentialAction\":[{\"@type\":\"SearchAction\",\"target\":{\"@type\":\"EntryPoint\",\"urlTemplate\":\"https:\\\/\\\/www.niku.no\\\/?s={search_term_string}\"},\"query-input\":{\"@type\":\"PropertyValueSpecification\",\"valueRequired\":true,\"valueName\":\"search_term_string\"}}],\"inLanguage\":\"en-US\"},{\"@type\":\"Organization\",\"@id\":\"https:\\\/\\\/www.niku.no\\\/#organization\",\"name\":\"NIKU\",\"url\":\"https:\\\/\\\/www.niku.no\\\/\",\"logo\":{\"@type\":\"ImageObject\",\"inLanguage\":\"en-US\",\"@id\":\"https:\\\/\\\/www.niku.no\\\/#\\\/schema\\\/logo\\\/image\\\/\",\"url\":\"https:\\\/\\\/www.niku.no\\\/wp-content\\\/uploads\\\/2022\\\/07\\\/NIKU_tekst-under_rod-rgb.png\",\"contentUrl\":\"https:\\\/\\\/www.niku.no\\\/wp-content\\\/uploads\\\/2022\\\/07\\\/NIKU_tekst-under_rod-rgb.png\",\"width\":2143,\"height\":442,\"caption\":\"NIKU\"},\"image\":{\"@id\":\"https:\\\/\\\/www.niku.no\\\/#\\\/schema\\\/logo\\\/image\\\/\"},\"sameAs\":[\"https:\\\/\\\/www.facebook.com\\\/NIKUnorway\\\/\",\"https:\\\/\\\/x.com\\\/nikunorway\"]}]}<\/script>\n<!-- \/ Yoast SEO Premium plugin. -->","yoast_head_json":{"title":"Bergen &#8212; Norsk institutt for kulturminneforskning","description":"NIKUs kontor i Bergen har ansvaret for arkeologiske prosjekter i middelalderbyen. Vi tar ogs\u00e5 p\u00e5 oss andre oppdrag som overv\u00e5kning og oppm\u00e5ling.","robots":{"index":"index","follow":"follow","max-snippet":"max-snippet:-1","max-image-preview":"max-image-preview:large","max-video-preview":"max-video-preview:-1"},"canonical":"https:\/\/www.niku.no\/en\/bergen\/","og_locale":"en_US","og_type":"article","og_title":"Bergen","og_description":"NIKUs kontor i Bergen har ansvaret for arkeologiske prosjekter i middelalderbyen. Vi tar ogs\u00e5 p\u00e5 oss andre oppdrag som overv\u00e5kning og oppm\u00e5ling.","og_url":"https:\/\/www.niku.no\/en\/bergen\/","og_site_name":"Norsk institutt for kulturminneforskning","article_publisher":"https:\/\/www.facebook.com\/NIKUnorway\/","article_modified_time":"2023-01-18T12:39:39+00:00","og_image":[{"width":1500,"height":470,"url":"https:\/\/www.niku.no\/wp-content\/uploads\/2020\/04\/Banner_verdensarv_Bryggen.jpg","type":"image\/jpeg"}],"twitter_card":"summary_large_image","twitter_site":"@nikunorway","twitter_misc":{"Est. reading time":"1 minute"},"schema":{"@context":"https:\/\/schema.org","@graph":[{"@type":"WebPage","@id":"https:\/\/www.niku.no\/en\/bergen\/","url":"https:\/\/www.niku.no\/en\/bergen\/","name":"Bergen &#8212; Norsk institutt for kulturminneforskning","isPartOf":{"@id":"https:\/\/www.niku.no\/#website"},"datePublished":"2017-05-13T10:47:44+00:00","dateModified":"2023-01-18T12:39:39+00:00","description":"NIKUs kontor i Bergen har ansvaret for arkeologiske prosjekter i middelalderbyen. Vi tar ogs\u00e5 p\u00e5 oss andre oppdrag som overv\u00e5kning og oppm\u00e5ling.","breadcrumb":{"@id":"https:\/\/www.niku.no\/en\/bergen\/#breadcrumb"},"inLanguage":"en-US","potentialAction":[{"@type":"ReadAction","target":["https:\/\/www.niku.no\/en\/bergen\/"]}]},{"@type":"BreadcrumbList","@id":"https:\/\/www.niku.no\/en\/bergen\/#breadcrumb","itemListElement":[{"@type":"ListItem","position":1,"name":"Hjem","item":"https:\/\/www.niku.no\/en\/"},{"@type":"ListItem","position":2,"name":"Bergen"}]},{"@type":"WebSite","@id":"https:\/\/www.niku.no\/#website","url":"https:\/\/www.niku.no\/","name":"Norsk institutt for kulturminneforskning","description":"Norsk institutt for kulturminneforskning","publisher":{"@id":"https:\/\/www.niku.no\/#organization"},"potentialAction":[{"@type":"SearchAction","target":{"@type":"EntryPoint","urlTemplate":"https:\/\/www.niku.no\/?s={search_term_string}"},"query-input":{"@type":"PropertyValueSpecification","valueRequired":true,"valueName":"search_term_string"}}],"inLanguage":"en-US"},{"@type":"Organization","@id":"https:\/\/www.niku.no\/#organization","name":"NIKU","url":"https:\/\/www.niku.no\/","logo":{"@type":"ImageObject","inLanguage":"en-US","@id":"https:\/\/www.niku.no\/#\/schema\/logo\/image\/","url":"https:\/\/www.niku.no\/wp-content\/uploads\/2022\/07\/NIKU_tekst-under_rod-rgb.png","contentUrl":"https:\/\/www.niku.no\/wp-content\/uploads\/2022\/07\/NIKU_tekst-under_rod-rgb.png","width":2143,"height":442,"caption":"NIKU"},"image":{"@id":"https:\/\/www.niku.no\/#\/schema\/logo\/image\/"},"sameAs":["https:\/\/www.facebook.com\/NIKUnorway\/","https:\/\/x.com\/nikunorway"]}]}},"_links":{"self":[{"href":"https:\/\/www.niku.no\/en\/wp-json\/wp\/v2\/pages\/1626","targetHints":{"allow":["GET"]}}],"collection":[{"href":"https:\/\/www.niku.no\/en\/wp-json\/wp\/v2\/pages"}],"about":[{"href":"https:\/\/www.niku.no\/en\/wp-json\/wp\/v2\/types\/page"}],"author":[{"embeddable":true,"href":"https:\/\/www.niku.no\/en\/wp-json\/wp\/v2\/users\/9"}],"replies":[{"embeddable":true,"href":"https:\/\/www.niku.no\/en\/wp-json\/wp\/v2\/comments?post=1626"}],"version-history":[{"count":0,"href":"https:\/\/www.niku.no\/en\/wp-json\/wp\/v2\/pages\/1626\/revisions"}],"wp:attachment":[{"href":"https:\/\/www.niku.no\/en\/wp-json\/wp\/v2\/media?parent=1626"}],"curies":[{"name":"wp","href":"https:\/\/api.w.org\/{rel}","templated":true}]}}