{"id":10719,"date":"2017-05-30T11:25:36","date_gmt":"2017-05-30T09:25:36","guid":{"rendered":"https:\/\/www.niku.no\/vitenskapelige-artikler\/"},"modified":"2020-02-26T14:29:44","modified_gmt":"2020-02-26T13:29:44","slug":"vitenskapelige-artikler","status":"publish","type":"page","link":"https:\/\/www.niku.no\/en\/vitenskapelige-artikler\/","title":{"rendered":"Publications"},"content":{"rendered":"<h2>Forvaltning-SIS<\/h2>\n<p>Hva vil det si \u00e5 forvalte et kulturminne? Hvilke utfordringer st\u00e5r dagens kulturminneforvaltning overfor? Hvilke m\u00f8tepunkter har kulturminneforvaltningen med den \u00f8vrige samfunns-forvaltningen, og hvordan kan den som offentlig politisk verkt\u00f8y utvikles som samfunnsressurs i dag?<\/p>\n<p><a href=\"https:\/\/www.niku.no\/en\/forvaltning-sis\/\">Les mer om forvaltning-SIS<\/a><\/p>\n<h2>By-SIS<\/h2>\n<p>Urban transformasjon representerer utfordringer og muligheter for kulturarven. N\u00e5r presset er sterkt p\u00e5 arealene er det spesielt viktig at byplanleggingen er basert p\u00e5 veloverveide beslutninger omkring vern og utvikling.<\/p>\n<p><a href=\"https:\/\/www.niku.no\/en\/by-sis-2\/\">Les mer om By-SIS<\/a><\/p>\n<h2>Bygning-SIS<\/h2>\n<p>Det strategiske instituttprogrammets m\u00e5l er \u00e5 bidra med kunnskap slik at bygninger l\u00f8pende forvaltes p\u00e5 en slik m\u00e5te at de kan gi brukerne i dag gode opplevelser og en tilknytning til historien, og overleveres fremtidens samfunn som en verdi og en informasjonskilde til bygnings- og samfunnshistorien.<\/p>\n<p><a href=\"https:\/\/pre.niku.no\/bygning-sis\/\">Les mer om Bygning-SIS<\/a><\/p>\n<h2>Krigsminne-SIS<\/h2>\n<p>Fra skrot til kulturminne \u2013 Kulturminnefaglige utfordringer i forvaltningen av krigsminner. Form\u00e5let med SIS-en er \u00e5 belyse og unders\u00f8ke den gjensidige p\u00e5virkninga mellom menneske, materiell kultur og landskap i moderne industrielle v\u00e6pna konflikter fra det 20. og 21. \u00e5rhundre.<\/p>\n<p><a href=\"\/?page_id=2047\">Les mer om Krigsminne-SIS<\/a><\/p>\n<p>&nbsp;<\/p>\n","protected":false},"excerpt":{"rendered":"<p>Forvaltning-SIS Hva vil det si \u00e5 forvalte et kulturminne? Hvilke utfordringer st\u00e5r dagens kulturminneforvaltning overfor? Hvilke m\u00f8tepunkter har kulturminneforvaltningen med den \u00f8vrige samfunns-forvaltningen, og hvordan kan den som offentlig politisk verkt\u00f8y utvikles som samfunnsressurs i dag? Les mer om forvaltning-SIS By-SIS Urban transformasjon representerer utfordringer og muligheter for kulturarven. N\u00e5r presset er sterkt p\u00e5 arealene&#8230;  <a class=\"excerpt-read-more\" href=\"https:\/\/www.niku.no\/en\/vitenskapelige-artikler\/\" title=\"Read Publications\">Read more &raquo;<\/a><\/p>\n","protected":false},"author":9,"featured_media":0,"parent":0,"menu_order":0,"comment_status":"closed","ping_status":"closed","template":"page-subservice.php","meta":{"_acf_changed":false,"footnotes":""},"class_list":["post-10719","page","type-page","status-publish","hentry"],"acf":[],"yoast_head":"<!-- This site is optimized with the Yoast SEO Premium plugin v26.7 (Yoast SEO v27.4) - https:\/\/yoast.com\/product\/yoast-seo-premium-wordpress\/ -->\n<title>Publications &#8212; Norsk institutt for kulturminneforskning<\/title>\n<meta name=\"robots\" content=\"index, follow, max-snippet:-1, max-image-preview:large, max-video-preview:-1\" \/>\n<link rel=\"canonical\" href=\"https:\/\/www.niku.no\/en\/vitenskapelige-artikler\/\" \/>\n<meta property=\"og:locale\" content=\"en_US\" \/>\n<meta property=\"og:type\" content=\"article\" \/>\n<meta property=\"og:title\" content=\"Publications\" \/>\n<meta property=\"og:description\" content=\"Forvaltning-SIS Hva vil det si \u00e5 forvalte et kulturminne? Hvilke utfordringer st\u00e5r dagens kulturminneforvaltning overfor? Hvilke m\u00f8tepunkter har kulturminneforvaltningen med den \u00f8vrige samfunns-forvaltningen, og hvordan kan den som offentlig politisk verkt\u00f8y utvikles som samfunnsressurs i dag? Les mer om forvaltning-SIS By-SIS Urban transformasjon representerer utfordringer og muligheter for kulturarven. N\u00e5r presset er sterkt p\u00e5 arealene... Read more &raquo;\" \/>\n<meta property=\"og:url\" content=\"https:\/\/www.niku.no\/en\/vitenskapelige-artikler\/\" \/>\n<meta property=\"og:site_name\" content=\"Norsk institutt for kulturminneforskning\" \/>\n<meta property=\"article:publisher\" content=\"https:\/\/www.facebook.com\/NIKUnorway\/\" \/>\n<meta property=\"article:modified_time\" content=\"2020-02-26T13:29:44+00:00\" \/>\n<meta name=\"twitter:card\" content=\"summary_large_image\" \/>\n<meta name=\"twitter:site\" content=\"@nikunorway\" \/>\n<meta name=\"twitter:label1\" content=\"Est. reading time\" \/>\n\t<meta name=\"twitter:data1\" content=\"1 minute\" \/>\n<script type=\"application\/ld+json\" class=\"yoast-schema-graph\">{\"@context\":\"https:\\\/\\\/schema.org\",\"@graph\":[{\"@type\":\"WebPage\",\"@id\":\"https:\\\/\\\/www.niku.no\\\/en\\\/vitenskapelige-artikler\\\/\",\"url\":\"https:\\\/\\\/www.niku.no\\\/en\\\/vitenskapelige-artikler\\\/\",\"name\":\"Publications &#8212; Norsk institutt for kulturminneforskning\",\"isPartOf\":{\"@id\":\"https:\\\/\\\/www.niku.no\\\/#website\"},\"datePublished\":\"2017-05-30T09:25:36+00:00\",\"dateModified\":\"2020-02-26T13:29:44+00:00\",\"breadcrumb\":{\"@id\":\"https:\\\/\\\/www.niku.no\\\/en\\\/vitenskapelige-artikler\\\/#breadcrumb\"},\"inLanguage\":\"en-US\",\"potentialAction\":[{\"@type\":\"ReadAction\",\"target\":[\"https:\\\/\\\/www.niku.no\\\/en\\\/vitenskapelige-artikler\\\/\"]}]},{\"@type\":\"BreadcrumbList\",\"@id\":\"https:\\\/\\\/www.niku.no\\\/en\\\/vitenskapelige-artikler\\\/#breadcrumb\",\"itemListElement\":[{\"@type\":\"ListItem\",\"position\":1,\"name\":\"Hjem\",\"item\":\"https:\\\/\\\/www.niku.no\\\/en\\\/\"},{\"@type\":\"ListItem\",\"position\":2,\"name\":\"Publications\"}]},{\"@type\":\"WebSite\",\"@id\":\"https:\\\/\\\/www.niku.no\\\/#website\",\"url\":\"https:\\\/\\\/www.niku.no\\\/\",\"name\":\"Norsk institutt for kulturminneforskning\",\"description\":\"Norsk institutt for kulturminneforskning\",\"publisher\":{\"@id\":\"https:\\\/\\\/www.niku.no\\\/#organization\"},\"potentialAction\":[{\"@type\":\"SearchAction\",\"target\":{\"@type\":\"EntryPoint\",\"urlTemplate\":\"https:\\\/\\\/www.niku.no\\\/?s={search_term_string}\"},\"query-input\":{\"@type\":\"PropertyValueSpecification\",\"valueRequired\":true,\"valueName\":\"search_term_string\"}}],\"inLanguage\":\"en-US\"},{\"@type\":\"Organization\",\"@id\":\"https:\\\/\\\/www.niku.no\\\/#organization\",\"name\":\"NIKU\",\"url\":\"https:\\\/\\\/www.niku.no\\\/\",\"logo\":{\"@type\":\"ImageObject\",\"inLanguage\":\"en-US\",\"@id\":\"https:\\\/\\\/www.niku.no\\\/#\\\/schema\\\/logo\\\/image\\\/\",\"url\":\"https:\\\/\\\/www.niku.no\\\/wp-content\\\/uploads\\\/2022\\\/07\\\/NIKU_tekst-under_rod-rgb.png\",\"contentUrl\":\"https:\\\/\\\/www.niku.no\\\/wp-content\\\/uploads\\\/2022\\\/07\\\/NIKU_tekst-under_rod-rgb.png\",\"width\":2143,\"height\":442,\"caption\":\"NIKU\"},\"image\":{\"@id\":\"https:\\\/\\\/www.niku.no\\\/#\\\/schema\\\/logo\\\/image\\\/\"},\"sameAs\":[\"https:\\\/\\\/www.facebook.com\\\/NIKUnorway\\\/\",\"https:\\\/\\\/x.com\\\/nikunorway\"]}]}<\/script>\n<!-- \/ Yoast SEO Premium plugin. -->","yoast_head_json":{"title":"Publications &#8212; Norsk institutt for kulturminneforskning","robots":{"index":"index","follow":"follow","max-snippet":"max-snippet:-1","max-image-preview":"max-image-preview:large","max-video-preview":"max-video-preview:-1"},"canonical":"https:\/\/www.niku.no\/en\/vitenskapelige-artikler\/","og_locale":"en_US","og_type":"article","og_title":"Publications","og_description":"Forvaltning-SIS Hva vil det si \u00e5 forvalte et kulturminne? Hvilke utfordringer st\u00e5r dagens kulturminneforvaltning overfor? Hvilke m\u00f8tepunkter har kulturminneforvaltningen med den \u00f8vrige samfunns-forvaltningen, og hvordan kan den som offentlig politisk verkt\u00f8y utvikles som samfunnsressurs i dag? Les mer om forvaltning-SIS By-SIS Urban transformasjon representerer utfordringer og muligheter for kulturarven. N\u00e5r presset er sterkt p\u00e5 arealene... Read more &raquo;","og_url":"https:\/\/www.niku.no\/en\/vitenskapelige-artikler\/","og_site_name":"Norsk institutt for kulturminneforskning","article_publisher":"https:\/\/www.facebook.com\/NIKUnorway\/","article_modified_time":"2020-02-26T13:29:44+00:00","twitter_card":"summary_large_image","twitter_site":"@nikunorway","twitter_misc":{"Est. reading time":"1 minute"},"schema":{"@context":"https:\/\/schema.org","@graph":[{"@type":"WebPage","@id":"https:\/\/www.niku.no\/en\/vitenskapelige-artikler\/","url":"https:\/\/www.niku.no\/en\/vitenskapelige-artikler\/","name":"Publications &#8212; Norsk institutt for kulturminneforskning","isPartOf":{"@id":"https:\/\/www.niku.no\/#website"},"datePublished":"2017-05-30T09:25:36+00:00","dateModified":"2020-02-26T13:29:44+00:00","breadcrumb":{"@id":"https:\/\/www.niku.no\/en\/vitenskapelige-artikler\/#breadcrumb"},"inLanguage":"en-US","potentialAction":[{"@type":"ReadAction","target":["https:\/\/www.niku.no\/en\/vitenskapelige-artikler\/"]}]},{"@type":"BreadcrumbList","@id":"https:\/\/www.niku.no\/en\/vitenskapelige-artikler\/#breadcrumb","itemListElement":[{"@type":"ListItem","position":1,"name":"Hjem","item":"https:\/\/www.niku.no\/en\/"},{"@type":"ListItem","position":2,"name":"Publications"}]},{"@type":"WebSite","@id":"https:\/\/www.niku.no\/#website","url":"https:\/\/www.niku.no\/","name":"Norsk institutt for kulturminneforskning","description":"Norsk institutt for kulturminneforskning","publisher":{"@id":"https:\/\/www.niku.no\/#organization"},"potentialAction":[{"@type":"SearchAction","target":{"@type":"EntryPoint","urlTemplate":"https:\/\/www.niku.no\/?s={search_term_string}"},"query-input":{"@type":"PropertyValueSpecification","valueRequired":true,"valueName":"search_term_string"}}],"inLanguage":"en-US"},{"@type":"Organization","@id":"https:\/\/www.niku.no\/#organization","name":"NIKU","url":"https:\/\/www.niku.no\/","logo":{"@type":"ImageObject","inLanguage":"en-US","@id":"https:\/\/www.niku.no\/#\/schema\/logo\/image\/","url":"https:\/\/www.niku.no\/wp-content\/uploads\/2022\/07\/NIKU_tekst-under_rod-rgb.png","contentUrl":"https:\/\/www.niku.no\/wp-content\/uploads\/2022\/07\/NIKU_tekst-under_rod-rgb.png","width":2143,"height":442,"caption":"NIKU"},"image":{"@id":"https:\/\/www.niku.no\/#\/schema\/logo\/image\/"},"sameAs":["https:\/\/www.facebook.com\/NIKUnorway\/","https:\/\/x.com\/nikunorway"]}]}},"_links":{"self":[{"href":"https:\/\/www.niku.no\/en\/wp-json\/wp\/v2\/pages\/10719","targetHints":{"allow":["GET"]}}],"collection":[{"href":"https:\/\/www.niku.no\/en\/wp-json\/wp\/v2\/pages"}],"about":[{"href":"https:\/\/www.niku.no\/en\/wp-json\/wp\/v2\/types\/page"}],"author":[{"embeddable":true,"href":"https:\/\/www.niku.no\/en\/wp-json\/wp\/v2\/users\/9"}],"replies":[{"embeddable":true,"href":"https:\/\/www.niku.no\/en\/wp-json\/wp\/v2\/comments?post=10719"}],"version-history":[{"count":0,"href":"https:\/\/www.niku.no\/en\/wp-json\/wp\/v2\/pages\/10719\/revisions"}],"wp:attachment":[{"href":"https:\/\/www.niku.no\/en\/wp-json\/wp\/v2\/media?parent=10719"}],"curies":[{"name":"wp","href":"https:\/\/api.w.org\/{rel}","templated":true}]}}